{"id":636,"date":"2023-03-15T11:29:18","date_gmt":"2023-03-15T10:29:18","guid":{"rendered":"https:\/\/amcl.es\/politica-de-privadesa\/"},"modified":"2023-05-16T17:07:53","modified_gmt":"2023-05-16T15:07:53","slug":"privacy-policy","status":"publish","type":"page","link":"https:\/\/amcl.es\/it\/privacy-policy\/","title":{"rendered":"Privacy Policy"},"content":{"rendered":"<div class=\"fusion-fullwidth fullwidth-box fusion-builder-row-1 fusion-flex-container has-pattern-background has-mask-background nonhundred-percent-fullwidth non-hundred-percent-height-scrolling\" style=\"--awb-border-radius-top-left:0px;--awb-border-radius-top-right:0px;--awb-border-radius-bottom-right:0px;--awb-border-radius-bottom-left:0px;--awb-padding-top:80px;--awb-padding-bottom:230px;\" ><div class=\"fusion-builder-row fusion-row fusion-flex-align-items-flex-start\" style=\"max-width:1248px;margin-left: calc(-4% \/ 2 );margin-right: calc(-4% \/ 2 );\"><div class=\"fusion-layout-column fusion_builder_column fusion-builder-column-0 fusion_builder_column_1_1 1_1 fusion-flex-column\" style=\"--awb-bg-size:cover;--awb-width-large:100%;--awb-margin-top-large:0px;--awb-spacing-right-large:1.92%;--awb-margin-bottom-large:0px;--awb-spacing-left-large:1.92%;--awb-width-medium:100%;--awb-order-medium:0;--awb-spacing-right-medium:1.92%;--awb-spacing-left-medium:1.92%;--awb-width-small:100%;--awb-order-small:0;--awb-spacing-right-small:1.92%;--awb-spacing-left-small:1.92%;\"><div class=\"fusion-column-wrapper fusion-column-has-shadow fusion-flex-justify-content-flex-start fusion-content-layout-column\"><div class=\"fusion-title title fusion-title-1 fusion-sep-none fusion-title-center fusion-title-text fusion-title-size-one\" style=\"--awb-text-color:var(--awb-color5);\"><h1 class=\"title-heading-center fusion-responsive-typography-calculated\" style=\"margin:0;--fontSize:64;line-height:var(--awb-typography1-line-height);\">Privacy Policy<\/h1><\/div><div class=\"fusion-separator fusion-full-width-sep\" style=\"align-self: center;margin-left: auto;margin-right: auto;margin-top:75px;width:100%;\"><\/div><div class=\"fusion-text fusion-text-1\"><p><strong>Trattamento dei dati <\/strong><\/p>\n<p>In applicazione della normativa vigente in materia di protezione dei dati personali, il signore Jos\u00e9 Luis Castel Baldellou, presidente dell&#8217;Associaci\u00f3 per la Millora de la Comprensi\u00f3 Lectora (AMCL) segnala quanto segue:<\/p>\n<p><strong>Responsabile del trattamento dei dati<\/strong><\/p>\n<p>Associaci\u00f3 per la Millora de la Comprensi\u00f3 Lectora (AMCL), (<a href=\"https:\/\/amcl.es\">https:\/\/amcl.es<\/a>)<\/p>\n<p><strong>\u00a0<\/strong><strong>Obiettivo<\/strong><\/p>\n<p>Il trattamento dei dati personali ha l\u2019unico obiettivo de tutto ci\u00f2 che deriva dalla partecipazione all&#8217;applicazioni di l\u2019AMCL.<\/p>\n<p><strong>Legittimazione<\/strong><\/p>\n<p>Consenso degli interessati, espresso dalla registrazione volontaria nelle indagini rivolte all\u2019AMCL.<\/p>\n<p><strong>Destinatari<\/strong><\/p>\n<p>I dati non saranno comunicati a nessun altro soggetto o ente, salvo obblighi di legge.<\/p>\n<p><strong>Diritti degli interessati<\/strong><\/p>\n<p>Puoi esercitare i diritti di accesso, rettifica, cancellazione, opposizione, portabilit\u00e0 e limitazione scrivendo una mail all&#8217;Associaci\u00f3 per la Millora de la Comprensi\u00f3 Lectora (<a href=\"mailto:provesdecomprensiolector@gmail.com\">provesdecomprensiolectora@gmail.com<\/a>).<\/p>\n<p><strong>\u00a0<\/strong><strong>Trattamento e validit\u00e0<\/strong><\/p>\n<p>I dati personali forniti saranno archiviati nel database di AMCL, salvo diversa indicazione da parte della scuola.<\/p>\n<p><strong>Fornitori di servizi<\/strong>La societ\u00e0 incaricata dell&#8217;hosting dei dati, contrattato dall\u2019Associaci\u00f3 per a la Millora de la Comprensi\u00f3 Lectora \u00e8 STRATO (https:\/\/www.strato.es\/).<\/p>\n<p>Barcellona, \u200b\u200b5 maggio \u00a02023<\/p>\n<\/div><\/div><\/div><\/div><\/div>\n","protected":false},"excerpt":{"rendered":"","protected":false},"author":1,"featured_media":0,"parent":0,"menu_order":0,"comment_status":"closed","ping_status":"open","template":"","meta":{"footnotes":""},"class_list":["post-636","page","type-page","status-publish","hentry"],"acf":[],"_links":{"self":[{"href":"https:\/\/amcl.es\/it\/wp-json\/wp\/v2\/pages\/636","targetHints":{"allow":["GET"]}}],"collection":[{"href":"https:\/\/amcl.es\/it\/wp-json\/wp\/v2\/pages"}],"about":[{"href":"https:\/\/amcl.es\/it\/wp-json\/wp\/v2\/types\/page"}],"author":[{"embeddable":true,"href":"https:\/\/amcl.es\/it\/wp-json\/wp\/v2\/users\/1"}],"replies":[{"embeddable":true,"href":"https:\/\/amcl.es\/it\/wp-json\/wp\/v2\/comments?post=636"}],"version-history":[{"count":6,"href":"https:\/\/amcl.es\/it\/wp-json\/wp\/v2\/pages\/636\/revisions"}],"predecessor-version":[{"id":1968,"href":"https:\/\/amcl.es\/it\/wp-json\/wp\/v2\/pages\/636\/revisions\/1968"}],"wp:attachment":[{"href":"https:\/\/amcl.es\/it\/wp-json\/wp\/v2\/media?parent=636"}],"curies":[{"name":"wp","href":"https:\/\/api.w.org\/{rel}","templated":true}]}}